{"id":1157,"date":"2023-07-11T00:22:29","date_gmt":"2023-07-11T07:22:29","guid":{"rendered":"https:\/\/phuongvycreation.com\/?post_type=product&#038;p=1157"},"modified":"2023-07-28T01:52:03","modified_gmt":"2023-07-28T08:52:03","slug":"ka-200","status":"publish","type":"product","link":"https:\/\/phuongvycreation.com\/en\/product\/ka-200\/","title":{"rendered":"KA 200"},"content":{"rendered":"<p>KA 200 l\u00e0 b\u0103ng keo hi\u1ec7u su\u1ea5t cao d\u1ef1a tr\u00ean m\u00e0ng polyimide v\u1edbi ch\u1ea5t k\u1ebft d\u00ednh silicon v\u00e0 \u0111\u01b0\u1ee3c thi\u1ebft k\u1ebf \u0111\u1ec3 b\u1ecdc c\u00e1ch nhi\u1ec7t cho c\u00e1c v\u1eadt li\u1ec7u n\u1ec1n kh\u00e1c nhau, che ph\u1ee7 &amp; gh\u00e9p n\u1ed1i b\u1ec1 m\u1eb7t c\u1ea7n thi\u1ebft nh\u1edd kh\u1ea3 n\u0103ng ch\u1ecbu nhi\u1ec7t \u0111\u1ed9 cao. B\u0103ng keo c\u00f3 th\u1ec3 \u0111\u01b0\u1ee3c c\u00e1n th\u00eam l\u1edbp liner ph\u1ee5c v\u1ee5 cho m\u1ee5c \u0111\u00edch c\u1eaft b\u1ebf. C\u00f3 ch\u1ee9ng nh\u1eadn UL ch\u1ed1ng ch\u00e1y.<\/p>\n","protected":false},"excerpt":{"rendered":"<p>B\u0103ng keo kapton UL<\/p>\n","protected":false},"featured_media":1584,"comment_status":"open","ping_status":"closed","template":"","meta":{"_acf_changed":false,"site-sidebar-layout":"default","site-content-layout":"default","ast-site-content-layout":"default","site-content-style":"default","site-sidebar-style":"default","ast-global-header-display":"","ast-banner-title-visibility":"","ast-main-header-display":"","ast-hfb-above-header-display":"","ast-hfb-below-header-display":"","ast-hfb-mobile-header-display":"","site-post-title":"","ast-breadcrumbs-content":"","ast-featured-img":"","footer-sml-layout":"","ast-disable-related-posts":"","theme-transparent-header-meta":"default","adv-header-id-meta":"","stick-header-meta":"","header-above-stick-meta":"","header-main-stick-meta":"","header-below-stick-meta":"","astra-migrate-meta-layouts":"default","ast-page-background-enabled":"default","ast-page-background-meta":{"desktop":{"background-color":"var(--ast-global-color-4)","background-image":"","background-repeat":"repeat","background-position":"center center","background-size":"auto","background-attachment":"scroll","background-type":"","background-media":"","overlay-type":"","overlay-color":"","overlay-opacity":"","overlay-gradient":""},"tablet":{"background-color":"","background-image":"","background-repeat":"repeat","background-position":"center center","background-size":"auto","background-attachment":"scroll","background-type":"","background-media":"","overlay-type":"","overlay-color":"","overlay-opacity":"","overlay-gradient":""},"mobile":{"background-color":"","background-image":"","background-repeat":"repeat","background-position":"center center","background-size":"auto","background-attachment":"scroll","background-type":"","background-media":"","overlay-type":"","overlay-color":"","overlay-opacity":"","overlay-gradient":""}},"ast-content-background-meta":{"desktop":{"background-color":"var(--ast-global-color-5)","background-image":"","background-repeat":"repeat","background-position":"center center","background-size":"auto","background-attachment":"scroll","background-type":"","background-media":"","overlay-type":"","overlay-color":"","overlay-opacity":"","overlay-gradient":""},"tablet":{"background-color":"var(--ast-global-color-5)","background-image":"","background-repeat":"repeat","background-position":"center center","background-size":"auto","background-attachment":"scroll","background-type":"","background-media":"","overlay-type":"","overlay-color":"","overlay-opacity":"","overlay-gradient":""},"mobile":{"background-color":"var(--ast-global-color-5)","background-image":"","background-repeat":"repeat","background-position":"center center","background-size":"auto","background-attachment":"scroll","background-type":"","background-media":"","overlay-type":"","overlay-color":"","overlay-opacity":"","overlay-gradient":""}}},"product_brand":[],"product_cat":[149,150],"product_tag":[],"class_list":{"0":"post-1157","1":"product","2":"type-product","3":"status-publish","4":"has-post-thumbnail","6":"product_cat-masking-in-welding-reflow-processes","7":"product_cat-transformer-wrapping","8":"desktop-align-left","9":"tablet-align-left","10":"mobile-align-left","12":"first","13":"instock","14":"shipping-taxable","15":"product-type-simple"},"acf":[],"_links":{"self":[{"href":"https:\/\/phuongvycreation.com\/en\/wp-json\/wp\/v2\/product\/1157","targetHints":{"allow":["GET"]}}],"collection":[{"href":"https:\/\/phuongvycreation.com\/en\/wp-json\/wp\/v2\/product"}],"about":[{"href":"https:\/\/phuongvycreation.com\/en\/wp-json\/wp\/v2\/types\/product"}],"replies":[{"embeddable":true,"href":"https:\/\/phuongvycreation.com\/en\/wp-json\/wp\/v2\/comments?post=1157"}],"wp:featuredmedia":[{"embeddable":true,"href":"https:\/\/phuongvycreation.com\/en\/wp-json\/wp\/v2\/media\/1584"}],"wp:attachment":[{"href":"https:\/\/phuongvycreation.com\/en\/wp-json\/wp\/v2\/media?parent=1157"}],"wp:term":[{"taxonomy":"product_brand","embeddable":true,"href":"https:\/\/phuongvycreation.com\/en\/wp-json\/wp\/v2\/product_brand?post=1157"},{"taxonomy":"product_cat","embeddable":true,"href":"https:\/\/phuongvycreation.com\/en\/wp-json\/wp\/v2\/product_cat?post=1157"},{"taxonomy":"product_tag","embeddable":true,"href":"https:\/\/phuongvycreation.com\/en\/wp-json\/wp\/v2\/product_tag?post=1157"}],"curies":[{"name":"wp","href":"https:\/\/api.w.org\/{rel}","templated":true}]}}